{"id":991,"date":"2019-06-09T17:01:03","date_gmt":"2019-06-09T17:01:03","guid":{"rendered":"http:\/\/blacksilver-venus.imaginem.co\/?page_id=991"},"modified":"2025-02-03T11:00:47","modified_gmt":"2025-02-03T10:00:47","slug":"blog","status":"publish","type":"page","link":"https:\/\/kostajnica-apartmants.com\/?page_id=991","title":{"rendered":"Blog"},"content":{"rendered":"\t\t<div data-elementor-type=\"wp-post\" data-elementor-id=\"991\" class=\"elementor elementor-991\">\n\t\t\t\t\t\t<section class=\"elementor-section elementor-top-section elementor-element elementor-element-75143d8 elementor-section-boxed elementor-section-height-default elementor-section-height-default\" data-id=\"75143d8\" data-element_type=\"section\" data-e-type=\"section\">\n\t\t\t\t\t\t<div class=\"elementor-container elementor-column-gap-default\">\n\t\t\t\t\t<div class=\"elementor-column elementor-col-100 elementor-top-column elementor-element elementor-element-4f83eaa\" data-id=\"4f83eaa\" data-element_type=\"column\" data-e-type=\"column\">\n\t\t\t<div class=\"elementor-widget-wrap elementor-element-populated\">\n\t\t\t\t\t\t<div class=\"elementor-element elementor-element-fd52adb section-align-center section-size-large subtitle-style-default elementor-widget elementor-widget-section-heading\" data-id=\"fd52adb\" data-element_type=\"widget\" data-e-type=\"widget\" data-widget_type=\"section-heading.default\">\n\t\t\t\t<div class=\"elementor-widget-container\">\n\t\t\t\t\t<div class=\"section-heading headingstyle-subtitle\"><div class=\"section-title-wrapper\"><h2 class=\"entry-title section-title\">Blog<\/h2><\/div><div class=\"section-description clearfix\"><div class=\"section-description-inner\"><p>STUDIO APARTMAN DJED KOSTAJNICA<\/p>\n<\/div><\/div><\/div>\t\t\t\t<\/div>\n\t\t\t\t<\/div>\n\t\t\t\t\t<\/div>\n\t\t<\/div>\n\t\t\t\t\t<\/div>\n\t\t<\/section>\n\t\t\t\t<section class=\"elementor-section elementor-top-section elementor-element elementor-element-9449e00 elementor-section-boxed elementor-section-height-default elementor-section-height-default\" data-id=\"9449e00\" data-element_type=\"section\" data-e-type=\"section\">\n\t\t\t\t\t\t<div class=\"elementor-container elementor-column-gap-default\">\n\t\t\t\t\t<div class=\"elementor-column elementor-col-100 elementor-top-column elementor-element elementor-element-cd34e2a\" data-id=\"cd34e2a\" data-element_type=\"column\" data-e-type=\"column\">\n\t\t\t<div class=\"elementor-widget-wrap elementor-element-populated\">\n\t\t\t\t\t\t<div class=\"elementor-element elementor-element-2f00c29 elementor-widget elementor-widget-blog-grid\" data-id=\"2f00c29\" data-element_type=\"widget\" data-e-type=\"widget\" data-widget_type=\"blog-grid.default\">\n\t\t\t\t<div class=\"elementor-widget-container\">\n\t\t\t\t\t<div class=\"portfolio-grid-container portfolio-gridblock-columns-wrap grid-has-blog\"><div id=\"gridblock-container\" class=\"portfolio-gutter-spaced    has-effect-zoom grid-style-classic gridblock-three clearfix\" data-columns=\"3\"><div class=\"gridblock-element grid-animate-display-all isotope-displayed gridblock-element-id-1872 gridblock-element-order-1  gridblock-filterable \" data-portfolio=\"portfolio-1872\" data-id=\"id-2\"><div class=\"gridblock-grid-element gridblock-element-inner\" data-portfolioid=\"1872\"><div class=\"gridblock-background-hover\"><a class=\"gridblock-sole-link\" href=\"https:\/\/kostajnica-apartmants.com\/?p=1872\"><div class=\"gridblock-links-wrap box-title-\"><span class=\"column-gridblock-icon\"><span class=\"hover-icon-effect\"><i class=\"ion-ios-plus-empty\"><\/i><\/span><\/span><\/div><\/a><\/div><img decoding=\"async\" src=\"https:\/\/kostajnica-apartmants.com\/wp-content\/themes\/blacksilver\/images\/placeholders\/placeholder-770x550.gif\" data-src=\"https:\/\/kostajnica-apartmants.com\/wp-content\/uploads\/2024\/09\/Kostajnica_1617-770x550.jpg\" alt=\"\" class=\"displayed-image lazyload\"\/><\/div><div class=\"summary-info\"><div class=\"summary-date\"><i class=\"feather-icon-clock\"><\/i> 1. listopada 2024.<\/div><div class=\"summary-comment\"><\/div><\/div><div class=\"work-details\"><h4><a href=\"https:\/\/kostajnica-apartmants.com\/?p=1872\">Otkrijte Kostajnicu: Bogata povijest i prirodne ljepote<\/a><\/h4><p class=\"entry-content work-description\">Otkrijte Kostajnicu: Bogata povijest i prirodne ljepote 1. listopada 2024. 2.000 godina stare kerami\u010dke posude i kamene sjekire Smje\u0161tena uz obale rijeke Une, okru\u017eena...<\/p><a class=\"theme-btn-link\" href=\"https:\/\/kostajnica-apartmants.com\/?p=1872\"><div class=\"theme-btn theme-btn-outline-primary theme-hover-arrow\">Continue Reading<\/div><\/a><\/div><\/div><div class=\"gridblock-element grid-animate-display-all isotope-displayed gridblock-element-id-946 gridblock-element-order-2  gridblock-filterable \" data-portfolio=\"portfolio-946\" data-id=\"id-3\"><div class=\"gridblock-grid-element gridblock-element-inner\" data-portfolioid=\"946\"><div class=\"gridblock-background-hover\"><a class=\"gridblock-sole-link\" href=\"https:\/\/kostajnica-apartmants.com\/?p=946\"><div class=\"gridblock-links-wrap box-title-\"><span class=\"column-gridblock-icon\"><span class=\"hover-icon-effect\"><i class=\"ion-ios-plus-empty\"><\/i><\/span><\/span><\/div><\/a><\/div><img decoding=\"async\" src=\"https:\/\/kostajnica-apartmants.com\/wp-content\/themes\/blacksilver\/images\/placeholders\/placeholder-770x550.gif\" data-src=\"https:\/\/kostajnica-apartmants.com\/wp-content\/uploads\/2024\/09\/1m-770x550.png\" alt=\"\" class=\"displayed-image lazyload\"\/><\/div><div class=\"summary-info\"><div class=\"summary-date\"><i class=\"feather-icon-clock\"><\/i> 1. listopada 2024.<\/div><div class=\"summary-comment\"><\/div><\/div><div class=\"work-details\"><h4><a href=\"https:\/\/kostajnica-apartmants.com\/?p=946\">Hrvatska Kostajnica, ljubav na prvi pogled<\/a><\/h4><p class=\"entry-content work-description\">Hrvatska Kostajnica, ljubav na prvi pogled 1. listopada 2024. Photo Story U srcu slikovitog krajolika, na obalama rijeke Une, le\u017ei Hrvatska Kostajnica \u2013 mali...<\/p><a class=\"theme-btn-link\" href=\"https:\/\/kostajnica-apartmants.com\/?p=946\"><div class=\"theme-btn theme-btn-outline-primary theme-hover-arrow\">Continue Reading<\/div><\/a><\/div><\/div><\/div><\/div>\t\t\t\t<\/div>\n\t\t\t\t<\/div>\n\t\t\t\t\t<\/div>\n\t\t<\/div>\n\t\t\t\t\t<\/div>\n\t\t<\/section>\n\t\t\t\t<\/div>\n\t\t","protected":false},"excerpt":{"rendered":"<p>Blog STUDIO APARTMAN DJED KOSTAJNICA 1. listopada 2024. Otkrijte Kostajnicu: Bogata povijest i prirodne ljepote Otkrijte Kostajnicu: Bogata povijest i prirodne ljepote 1. listopada 2024. 2.000 godina stare kerami\u010dke posude i kamene sjekire Smje\u0161tena uz obale rijeke Une, okru\u017eena&#8230; Continue Reading 1. listopada 2024. Hrvatska Kostajnica, ljubav na prvi pogled Hrvatska Kostajnica, ljubav na prvi pogled 1. listopada 2024. Photo Story U srcu slikovitog krajolika, na obalama rijeke Une, le\u017ei Hrvatska Kostajnica \u2013 mali&#8230; Continue Reading<\/p>\n","protected":false},"author":1,"featured_media":0,"parent":0,"menu_order":0,"comment_status":"closed","ping_status":"closed","template":"","meta":{"footnotes":""},"class_list":["post-991","page","type-page","status-publish","hentry"],"_links":{"self":[{"href":"https:\/\/kostajnica-apartmants.com\/index.php?rest_route=\/wp\/v2\/pages\/991","targetHints":{"allow":["GET"]}}],"collection":[{"href":"https:\/\/kostajnica-apartmants.com\/index.php?rest_route=\/wp\/v2\/pages"}],"about":[{"href":"https:\/\/kostajnica-apartmants.com\/index.php?rest_route=\/wp\/v2\/types\/page"}],"author":[{"embeddable":true,"href":"https:\/\/kostajnica-apartmants.com\/index.php?rest_route=\/wp\/v2\/users\/1"}],"replies":[{"embeddable":true,"href":"https:\/\/kostajnica-apartmants.com\/index.php?rest_route=%2Fwp%2Fv2%2Fcomments&post=991"}],"version-history":[{"count":3,"href":"https:\/\/kostajnica-apartmants.com\/index.php?rest_route=\/wp\/v2\/pages\/991\/revisions"}],"predecessor-version":[{"id":2292,"href":"https:\/\/kostajnica-apartmants.com\/index.php?rest_route=\/wp\/v2\/pages\/991\/revisions\/2292"}],"wp:attachment":[{"href":"https:\/\/kostajnica-apartmants.com\/index.php?rest_route=%2Fwp%2Fv2%2Fmedia&parent=991"}],"curies":[{"name":"wp","href":"https:\/\/api.w.org\/{rel}","templated":true}]}}